{"id":55626,"date":"2017-03-17T16:43:09","date_gmt":"2017-03-17T16:43:09","guid":{"rendered":"https:\/\/fincasmoncloa.com\/politica-de-privacidad-redes-sociales\/"},"modified":"2017-03-17T16:43:09","modified_gmt":"2017-03-17T16:43:09","slug":"politica-de-privacidad-redes-sociales","status":"publish","type":"page","link":"https:\/\/fincasmoncloa.com\/en\/politica-de-privacidad-redes-sociales\/","title":{"rendered":"POL\u00cdTICA DE PRIVACIDAD REDES SOCIALES"},"content":{"rendered":"<p>En cumplimiento de la Ley Org\u00e1nica 15\/1999, de 13 de diciembre, de Protecci\u00f3n de Datos de Car\u00e1cter<br \/>\nPersonal (LOPD) y la Ley 34\/2002, de 11 de julio, de Servicios de la Sociedad de la Informaci\u00f3n y de<br \/>\nComercio Electr\u00f3nico (LSSI-CE) FINCAS MONCLOA SL, informa a los usuarios, que ha procedido a crear un<br \/>\nperfil en la Redes Sociales: Facebook y Twitter con la finalidad principal de publicitar sus productos y<br \/>\nservicios.<\/p>\n<p>Datos de: FINCAS MONCLOA SL<br \/>\nB07579725<br \/>\nAV. FORT DE L\u2019EAU, 153 07701 MAH\u00d3N (ILLES BALEARS) ESPA\u00d1A<br \/>\ninfo@fincasmoncloa.com<br \/>\nwww.fincasmoncloa.com<\/p>\n<p>El usuario dispone de un perfil en la misma Red Social y ha decidido unirse a la p\u00e1gina creada por<br \/>\nFINCAS MONCLOA SL mostrando as\u00ed inter\u00e9s en la informaci\u00f3n que se publicite en la Red. Al unirse a<br \/>\nnuestra p\u00e1gina, nos facilita su consentimiento para el tratamiento de aquellos datos personales<br \/>\npublicados en su perfil.<br \/>\nEl usuario puede acceder en todo momento a las pol\u00edticas de privacidad de la propia Red Social, as\u00ed como<br \/>\nconfigurar su perfil para garantizar su privacidad.<br \/>\nFINCAS MONCLOA SL tiene acceso y trata aquella informaci\u00f3n p\u00fablica del usuario, en especial, su<br \/>\nnombre de contacto. Estos datos, s\u00f3lo son utilizados dentro de la propia Red Social. No son incorporados<br \/>\na ning\u00fan fichero.<br \/>\nEn relaci\u00f3n a los derechos de acceso, rectificaci\u00f3n, cancelaci\u00f3n y oposici\u00f3n, de los que usted dispone y<br \/>\nque pueden ser ejercitados ante FINCAS MONCLOA SL de acuerdo con la LOPD, debe tener en cuenta los<br \/>\nsiguientes matices:<br \/>\n-Acceso: Vendr\u00e1 definido por la funcionalidad de la Red Social y la capacidad de acceso a la informaci\u00f3n<br \/>\nde los perfiles de los usuarios.<br \/>\n-Rectificaci\u00f3n: S\u00f3lo podr\u00e1 satisfacerse en relaci\u00f3n a aquella informaci\u00f3n que se encuentre bajo el control<br \/>\nde FINCAS MONCLOA SL por ejemplo, eliminar comentarios publicados en la propia p\u00e1gina.<br \/>\nNormalmente, este derecho deber\u00e1 ejercerlo ante la Red Social.<br \/>\n-Cancelaci\u00f3n y\/u Oposici\u00f3n: Como en el caso anterior, s\u00f3lo podr\u00e1 satisfacerse en relaci\u00f3n a aquella<br \/>\ninformaci\u00f3n que se encuentre bajo el control de FINCAS MONCLOA SL por ejemplo, dejar de estar unido<br \/>\nal perfil.<\/p>\n<p>FINCAS MONCLOA SL realizar\u00e1 las siguientes actuaciones:<br \/>\n-Acceso a la informaci\u00f3n p\u00fablica del perfil.<br \/>\n-Publicaci\u00f3n en el perfil del usuario de toda aquella informaci\u00f3n ya publicada en la p\u00e1gina de FINCAS<br \/>\nMONCLOA SL.<br \/>\n-Enviar mensajes personales e individuales a trav\u00e9s de los canales de las Redes Sociales<br \/>\n-Actualizaciones del estado de la p\u00e1gina que se publicar\u00e1n en el perfil del usuario.<br \/>\nEl usuario siempre puede controlar sus conexiones, eliminar los contenidos que dejen de interesarle y<br \/>\nrestringir con qui\u00e9n comparte sus conexiones, para ello deber\u00e1 acceder a su configuraci\u00f3n de privacidad.<\/p>\n<p>PUBLICACIONES<br \/>\nEl usuario, una vez unido a la p\u00e1gina de FINCAS MONCLOA SL podr\u00e1 publicar en \u00e9sta \u00faltima comentarios,<br \/>\nenlaces, im\u00e1genes o fotograf\u00edas o cualquier otro tipo de contenido multimedia soportado por la Red<br \/>\nSocial. El usuario, en todos los casos, debe ser el titular de los mismos, gozar de los derechos de autor y<br \/>\nde propiedad intelectual o contar con el consentimiento de los terceros afectados. Se proh\u00edbe<br \/>\nexpresamente cualquier publicaci\u00f3n en la p\u00e1gina, ya sean textos, gr\u00e1ficos, fotograf\u00edas, v\u00eddeos, etc. que<br \/>\natenten o sean susceptibles de atentar contra la moral, la \u00e9tica, el buen gusto o el decoro, y\/o que<br \/>\ninfrinjan, violen o quebranten los derechos de propiedad intelectual o industrial, el derecho a la imagen<br \/>\no la Ley. En estos casos, FINCAS MONCLOA SL se reserva el derecho a retirar de inmediato el contenido,<br \/>\npudiendo solicitar el bloqueo permanente del usuario. FINCAS MONCLOA SL no se har\u00e1 responsable de<br \/>\nlos contenidos que libremente ha publicado un usuario. El usuario debe tener presente que sus<br \/>\npublicaciones ser\u00e1n conocidas por los otros usuarios, por lo que \u00e9l mismo es el principal responsable de<br \/>\nsu privacidad. Las im\u00e1genes que puedan publicarse en la p\u00e1gina no ser\u00e1n almacenadas en ning\u00fan fichero<br \/>\npor parte de, FINCAS MONCLOA SL pero s\u00ed que permanecer\u00e1n en la Red Social.<\/p>\n<p>CONCURSOS Y PROMOCIONES<br \/>\nFINCAS MONCLOA SL se reserva el derecho a realizar concursos y promociones, en que podr\u00e1 participar<br \/>\nel usuario unido a su p\u00e1gina. Las bases de cada uno de ellos, cuando se utilice para ello la plataforma de<br \/>\nla Red Social, ser\u00e1n publicadas en la misma. Cumpliendo siempre con la LSSI-CE y con cualquier otra<br \/>\nnorma que le sea de aplicaci\u00f3n. La Red Social no patrocina, avala ni administra, de modo alguno, ninguna<br \/>\nde nuestras promociones, ni est\u00e1 asociada a ninguna de ellas.<\/p>\n<p>PUBLICIDAD<br \/>\nFINCAS MONCLOA SL utilizar\u00e1 la Red Social para publicitar sus productos y servicios, en todo caso, si<br \/>\ndecide tratar sus datos de contacto para realizar acciones directas de prospecci\u00f3n comercial, ser\u00e1<br \/>\nsiempre, cumpliendo con las exigencias legales de la LOPD y de la LSSI-CE.<br \/>\nNo se considerar\u00e1 publicidad el hecho de recomendar a otros usuarios la p\u00e1gina de FINCAS MONCLOA SL<br \/>\npara que tambi\u00e9n ellos puedan disfrutar de las promociones o estar informados de su actividad. A<br \/>\ncontinuaci\u00f3n detallamos el enlace a la pol\u00edtica de privacidad de la Red Social: Facebook y Twitter<br \/>\nFacebook: https:\/\/www.facebook.com\/help\/323540651073243\/<br \/>\nTwitter: https:\/\/twitter.com\/privacy?lang=es<\/p>\n","protected":false},"excerpt":{"rendered":"<p>En cumplimiento de la Ley Org\u00e1nica 15\/1999, de 13 de diciembre, de Protecci\u00f3n de Datos de Car\u00e1cter Personal (LOPD) y la Ley 34\/2002, de 11 de julio, de Servicios de la Sociedad de la Informaci\u00f3n y de Comercio Electr\u00f3nico (LSSI-CE) FINCAS MONCLOA SL, informa a los usuarios, que ha procedido a crear un perfil en&#8230;<\/p>\n","protected":false},"author":1,"featured_media":43649,"parent":0,"menu_order":0,"comment_status":"open","ping_status":"open","template":"elementor_header_footer","meta":{"footnotes":""},"acf":[],"_links":{"self":[{"href":"https:\/\/fincasmoncloa.com\/en\/wp-json\/wp\/v2\/pages\/55626"}],"collection":[{"href":"https:\/\/fincasmoncloa.com\/en\/wp-json\/wp\/v2\/pages"}],"about":[{"href":"https:\/\/fincasmoncloa.com\/en\/wp-json\/wp\/v2\/types\/page"}],"author":[{"embeddable":true,"href":"https:\/\/fincasmoncloa.com\/en\/wp-json\/wp\/v2\/users\/1"}],"replies":[{"embeddable":true,"href":"https:\/\/fincasmoncloa.com\/en\/wp-json\/wp\/v2\/comments?post=55626"}],"version-history":[{"count":0,"href":"https:\/\/fincasmoncloa.com\/en\/wp-json\/wp\/v2\/pages\/55626\/revisions"}],"wp:featuredmedia":[{"embeddable":true,"href":"https:\/\/fincasmoncloa.com\/en\/wp-json\/"}],"wp:attachment":[{"href":"https:\/\/fincasmoncloa.com\/en\/wp-json\/wp\/v2\/media?parent=55626"}],"curies":[{"name":"wp","href":"https:\/\/api.w.org\/{rel}","templated":true}]}}