{"id":55622,"date":"2017-03-17T16:35:35","date_gmt":"2017-03-17T16:35:35","guid":{"rendered":"https:\/\/fincasmoncloa.com\/proteccion-de-datos\/"},"modified":"2017-03-17T16:35:35","modified_gmt":"2017-03-17T16:35:35","slug":"proteccion-de-datos","status":"publish","type":"page","link":"https:\/\/fincasmoncloa.com\/en\/proteccion-de-datos\/","title":{"rendered":"Protecci\u00f3n de datos"},"content":{"rendered":"<p>De conformidad con lo establecido en la normativa vigente en Protecci\u00f3n de Datos de Car\u00e1cter Personal, le<br \/>\ninformamos que sus datos ser\u00e1n incorporados al sistema de tratamiento titularidad de FINCAS MONCLOA SL con CIF<br \/>\nB07579725 y domicilio social sito en AV. FORT DE L\u2019EAU, 153 07701 MAH\u00d3N (ILLES BALEARS), con la finalidad de<br \/>\natender sus consultas y remitirle informaci\u00f3n relacionada que pueda ser de su inter\u00e9s. En cumplimiento con la<br \/>\nnormativa vigente, FINCAS MONCLOA SL informa que los datos ser\u00e1n conservados durante el plazo estrictamente<br \/>\nnecesario para cumplir con los preceptos mencionados con anterioridad.<br \/>\nMientras no nos comunique lo contrario, entenderemos que sus datos no han sido modificados, que usted se<br \/>\ncompromete a notificarnos cualquier variaci\u00f3n y que tenemos su consentimiento para utilizarlos para las finalidades<br \/>\nmencionadas.<\/p>\n<p>FINCAS MONCLOA SL informa que proceder\u00e1 a tratar los datos de manera l\u00edcita, leal, transparente, adecuada,<br \/>\npertinente, limitada, exacta y actualizada. Es por ello que FINCAS MONCLOA SL se compromete a adoptar todas las<br \/>\nmedidas razonables para que estos se supriman o rectifiquen sin dilaci\u00f3n cuando sean inexactos.<br \/>\nDe acuerdo con los derechos que le confiere el la normativa vigente en protecci\u00f3n de datos podr\u00e1 ejercer los derechos<br \/>\nde acceso, rectificaci\u00f3n, limitaci\u00f3n de tratamiento, supresi\u00f3n, portabilidad y oposici\u00f3n al tratamiento de sus datos de<br \/>\ncar\u00e1cter personal as\u00ed como del consentimiento prestado para el tratamiento de los mismos, dirigiendo su petici\u00f3n a la<br \/>\ndirecci\u00f3n postal indicada m\u00e1s arriba o al correo electr\u00f3nico info@fincasmoncloa.com<br \/>\nA su vez, le informamos que puede contactar con el Delegado de Protecci\u00f3n de Datos de FINCAS MONCLOA SL,<br \/>\ndirigi\u00e9ndose por escrito a la direcci\u00f3n de correo dpo.cliente@conversia.es o al tel\u00e9fono 902877192.<br \/>\nPodr\u00e1 dirigirse a la Autoridad de Control competente para presentar la reclamaci\u00f3n que considere oportuna.<br \/>\nCon el env\u00edo del formulario de recogida de datos usted acepta la pol\u00edtica de privacidad de FINCAS MONCLOA S<\/p>\n","protected":false},"excerpt":{"rendered":"<p>De conformidad con lo establecido en la normativa vigente en Protecci\u00f3n de Datos de Car\u00e1cter Personal, le informamos que sus datos ser\u00e1n incorporados al sistema de tratamiento titularidad de FINCAS MONCLOA SL con CIF B07579725 y domicilio social sito en AV. FORT DE L\u2019EAU, 153 07701 MAH\u00d3N (ILLES BALEARS), con la finalidad de atender sus&#8230;<\/p>\n","protected":false},"author":1,"featured_media":43649,"parent":0,"menu_order":0,"comment_status":"open","ping_status":"open","template":"elementor_header_footer","meta":{"footnotes":""},"acf":[],"_links":{"self":[{"href":"https:\/\/fincasmoncloa.com\/en\/wp-json\/wp\/v2\/pages\/55622"}],"collection":[{"href":"https:\/\/fincasmoncloa.com\/en\/wp-json\/wp\/v2\/pages"}],"about":[{"href":"https:\/\/fincasmoncloa.com\/en\/wp-json\/wp\/v2\/types\/page"}],"author":[{"embeddable":true,"href":"https:\/\/fincasmoncloa.com\/en\/wp-json\/wp\/v2\/users\/1"}],"replies":[{"embeddable":true,"href":"https:\/\/fincasmoncloa.com\/en\/wp-json\/wp\/v2\/comments?post=55622"}],"version-history":[{"count":0,"href":"https:\/\/fincasmoncloa.com\/en\/wp-json\/wp\/v2\/pages\/55622\/revisions"}],"wp:featuredmedia":[{"embeddable":true,"href":"https:\/\/fincasmoncloa.com\/en\/wp-json\/"}],"wp:attachment":[{"href":"https:\/\/fincasmoncloa.com\/en\/wp-json\/wp\/v2\/media?parent=55622"}],"curies":[{"name":"wp","href":"https:\/\/api.w.org\/{rel}","templated":true}]}}